{"id":77586,"date":"2025-03-19T14:45:04","date_gmt":"2025-03-19T18:45:04","guid":{"rendered":"https:\/\/binim.org\/?page_id=77586"},"modified":"2025-06-08T19:21:49","modified_gmt":"2025-06-08T23:21:49","slug":"valiancina-paskievic","status":"publish","type":"page","link":"https:\/\/binim.org\/index.php\/valiancina-paskievic\/","title":{"rendered":"Valiancina Pa\u0161kievi\u010d"},"content":{"rendered":"<div id=\"pl-77586\"  class=\"panel-layout\" ><div id=\"pg-77586-0\"  class=\"panel-grid panel-no-style\" ><div id=\"pgc-77586-0-0\"  class=\"panel-grid-cell panel-grid-cell-empty\" ><\/div><div id=\"pgc-77586-0-1\"  class=\"panel-grid-cell\" ><div id=\"panel-77586-0-1-0\" class=\"so-panel widget widget_media_image panel-first-child panel-last-child\" data-index=\"0\" ><img loading=\"lazy\" decoding=\"async\" width=\"300\" height=\"300\" src=\"https:\/\/binim.org\/wp-content\/uploads\/2025\/05\/Valiancina-Paskievic-300x300.png\" class=\"image wp-image-77710  attachment-medium size-medium\" alt=\"\" style=\"max-width: 100%; height: auto;\" srcset=\"https:\/\/binim.org\/wp-content\/uploads\/2025\/05\/Valiancina-Paskievic-300x300.png 300w, https:\/\/binim.org\/wp-content\/uploads\/2025\/05\/Valiancina-Paskievic-150x150.png 150w, https:\/\/binim.org\/wp-content\/uploads\/2025\/05\/Valiancina-Paskievic-768x768.png 768w, https:\/\/binim.org\/wp-content\/uploads\/2025\/05\/Valiancina-Paskievic.png 1080w\" sizes=\"auto, (max-width: 300px) 100vw, 300px\" \/><\/div><\/div><div id=\"pgc-77586-0-2\"  class=\"panel-grid-cell\" ><div id=\"panel-77586-0-2-0\" class=\"widget_text so-panel widget widget_custom_html panel-first-child panel-last-child\" data-index=\"1\" ><div class=\"textwidget custom-html-widget\"><h2>Valiancina Pa\u0161kievi\u010d<br \/>\n\u0412\u0430\u043b\u044f\u043d\u0442\u044b\u043d\u0430 \u041f\u0430\u0448\u043a\u0435\u0432\u0456\u0447<\/h2>\n\n<strong>Member of the Belarusian Institute of Arts and Sciences, Canada<\/strong><br>\n<strong>\u0421\u044f\u0431\u0440\u0430 \u0411\u0435\u043b\u0430\u0440\u0443\u0441\u043a\u0430\u0433\u0430 \u0456\u043d\u0441\u0442\u044b\u0442\u0443\u0442\u0430 \u043d\u0430\u0432\u0443\u043a\u0456 \u0439 \u043c\u0430\u0441\u0442\u0430\u0446\u0442\u0432\u0430 \u045e \u041a\u0430\u043d\u0430\u0434\u0437\u0435<\/strong><br><\/div><\/div><\/div><\/div><div id=\"pg-77586-1\"  class=\"panel-grid panel-no-style\" ><div id=\"pgc-77586-1-0\"  class=\"panel-grid-cell\" ><div id=\"panel-77586-1-0-0\" class=\"widget_text so-panel widget widget_custom_html panel-first-child panel-last-child\" data-index=\"2\" ><div class=\"textwidget custom-html-widget\"><a href=\"https:\/\/be.wikipedia.org\/wiki\/%D0%92%D0%B0%D0%BB%D1%8F%D0%BD%D1%86%D1%96%D0%BD%D0%B0_%D0%9C%D1%96%D0%BA%D0%B0%D0%BB%D0%B0%D0%B5%D1%9E%D0%BD%D0%B0_%D0%9F%D0%B0%D1%88%D0%BA%D0%B5%D0%B2%D1%96%D1%87\" target=\"_blank\">https:\/\/be.wikipedia.org<\/a>  <\/div><\/div><\/div><div id=\"pgc-77586-1-1\"  class=\"panel-grid-cell\" ><div id=\"panel-77586-1-1-0\" class=\"widget_text so-panel widget widget_custom_html panel-first-child panel-last-child\" data-index=\"3\" ><div class=\"textwidget custom-html-widget\"><\/div><\/div><\/div><\/div><div id=\"pg-77586-2\"  class=\"panel-grid panel-no-style\" ><div id=\"pgc-77586-2-0\"  class=\"panel-grid-cell\" ><div id=\"panel-77586-2-0-0\" class=\"so-panel widget widget_sow-image panel-first-child panel-last-child\" data-index=\"4\" ><div\n\t\t\t\n\t\t\tclass=\"so-widget-sow-image so-widget-sow-image-default-8b5b6f678277-77586\"\n\t\t\t\n\t\t>\n<div class=\"sow-image-container\">\n\t\t\t<a href=\"https:\/\/binim.org\/index.php\/sdm_downloads\/first-reading-after-lecture\/\"\n\t\t\ttarget=\"_blank\" rel=\"noopener noreferrer\" \t\t>\n\t\t\t<img \n\tsrc=\"https:\/\/binim.org\/wp-content\/uploads\/2025\/03\/First-Reading-after-lecture-768x952.jpg\" width=\"768\" height=\"952\" srcset=\"https:\/\/binim.org\/wp-content\/uploads\/2025\/03\/First-Reading-after-lecture-768x952.jpg 768w, https:\/\/binim.org\/wp-content\/uploads\/2025\/03\/First-Reading-after-lecture-242x300.jpg 242w, https:\/\/binim.org\/wp-content\/uploads\/2025\/03\/First-Reading-after-lecture-1240x1536.jpg 1240w, https:\/\/binim.org\/wp-content\/uploads\/2025\/03\/First-Reading-after-lecture.jpg 1540w\" sizes=\"(max-width: 768px) 100vw, 768px\" title=\"\u0412\u0430\u043b\u044f\u043d\u0442\u044b\u043d\u0430 \u041f\u0430\u0448\u043a\u0435\u0432\u0456\u0447. \u041f\u0435\u0440\u0448\u0430\u044f \u0447\u044b\u0442\u0430\u043d\u043a\u0430 \u043f\u0430\u0441\u044c\u043b\u044f \u043b\u0435\u043c\u0430\u043d\u0442\u0430\u0440\u0430 \u0434\u043b\u044f \u0411\u0435\u043b\u0430\u0440\u0443\u0441\u043a\u0456\u0445 \u0414\u0430\u043f\u0430\u045e\u043d\u044f\u043b\u044c\u043d\u044b\u0445 \u0428\u043a\u043e\u043b\u0430\u045e. 1968\" alt=\"\u0412\u0430\u043b\u044f\u043d\u0442\u044b\u043d\u0430 \u041f\u0430\u0448\u043a\u0435\u0432\u0456\u0447 \u041f\u0435\u0440\u0448\u0430\u044f \u0447\u044b\u0442\u0430\u043d\u043a\u0430 \u043f\u0430\u0441\u044c\u043b\u044f \u043b\u0435\u043c\u0430\u043d\u0442\u0430\u0440\u0430\" \t\tclass=\"so-widget-image\"\/>\n\t\t\t<\/a><\/div>\n\n<h3 class=\"widget-title\">\u0412\u0430\u043b\u044f\u043d\u0442\u044b\u043d\u0430 \u041f\u0430\u0448\u043a\u0435\u0432\u0456\u0447. \u041f\u0435\u0440\u0448\u0430\u044f \u0447\u044b\u0442\u0430\u043d\u043a\u0430 \u043f\u0430\u0441\u044c\u043b\u044f \u043b\u0435\u043c\u0430\u043d\u0442\u0430\u0440\u0430 \u0434\u043b\u044f \u0411\u0435\u043b\u0430\u0440\u0443\u0441\u043a\u0456\u0445 \u0414\u0430\u043f\u0430\u045e\u043d\u044f\u043b\u044c\u043d\u044b\u0445 \u0428\u043a\u043e\u043b\u0430\u045e. 1968<\/h3><\/div><\/div><\/div><div id=\"pgc-77586-2-1\"  class=\"panel-grid-cell\" ><div id=\"panel-77586-2-1-0\" class=\"so-panel widget widget_sow-image panel-first-child panel-last-child\" data-index=\"5\" ><div\n\t\t\t\n\t\t\tclass=\"so-widget-sow-image so-widget-sow-image-default-8b5b6f678277-77586\"\n\t\t\t\n\t\t>\n<div class=\"sow-image-container\">\n\t\t\t<a href=\"https:\/\/binim.org\/index.php\/sdm_downloads\/v-pashkevich-fundamental-byelorussian-book-1\/\"\n\t\t\ttarget=\"_blank\" rel=\"noopener noreferrer\" \t\t>\n\t\t\t<img \n\tsrc=\"https:\/\/binim.org\/wp-content\/uploads\/2025\/03\/Fundamental-Byelorussian-Book-1-768x944.jpg\" width=\"768\" height=\"944\" srcset=\"https:\/\/binim.org\/wp-content\/uploads\/2025\/03\/Fundamental-Byelorussian-Book-1-768x944.jpg 768w, https:\/\/binim.org\/wp-content\/uploads\/2025\/03\/Fundamental-Byelorussian-Book-1-244x300.jpg 244w, https:\/\/binim.org\/wp-content\/uploads\/2025\/03\/Fundamental-Byelorussian-Book-1-1249x1536.jpg 1249w, https:\/\/binim.org\/wp-content\/uploads\/2025\/03\/Fundamental-Byelorussian-Book-1.jpg 1552w\" sizes=\"(max-width: 768px) 100vw, 768px\" title=\"V. Pashkevich. Fundamental Byelorussian Book 1. Toronto 1974\" alt=\"V. Pashkevich. Fundamental Byelorussian Book 1\" \t\tclass=\"so-widget-image\"\/>\n\t\t\t<\/a><\/div>\n\n<h3 class=\"widget-title\">V. Pashkevich. Fundamental Byelorussian Book 1. Toronto 1974<\/h3><\/div><\/div><\/div><div id=\"pgc-77586-2-2\"  class=\"panel-grid-cell\" ><div id=\"panel-77586-2-2-0\" class=\"so-panel widget widget_sow-image panel-first-child panel-last-child\" data-index=\"6\" ><div\n\t\t\t\n\t\t\tclass=\"so-widget-sow-image so-widget-sow-image-default-8b5b6f678277-77586\"\n\t\t\t\n\t\t>\n<div class=\"sow-image-container\">\n\t\t\t<a href=\"https:\/\/binim.org\/index.php\/sdm_downloads\/v-pashkevich-fundamental-byelorussian-book-2\/\"\n\t\t\ttarget=\"_blank\" rel=\"noopener noreferrer\" \t\t>\n\t\t\t<img \n\tsrc=\"https:\/\/binim.org\/wp-content\/uploads\/2025\/03\/Fundamental-Byelorussian-Book-2-768x952.jpg\" width=\"768\" height=\"952\" srcset=\"https:\/\/binim.org\/wp-content\/uploads\/2025\/03\/Fundamental-Byelorussian-Book-2-768x952.jpg 768w, https:\/\/binim.org\/wp-content\/uploads\/2025\/03\/Fundamental-Byelorussian-Book-2-242x300.jpg 242w, https:\/\/binim.org\/wp-content\/uploads\/2025\/03\/Fundamental-Byelorussian-Book-2-1240x1536.jpg 1240w, https:\/\/binim.org\/wp-content\/uploads\/2025\/03\/Fundamental-Byelorussian-Book-2.jpg 1540w\" sizes=\"(max-width: 768px) 100vw, 768px\" title=\"V. Pashkevich. Fundamental Byelorussian Book 2. Toronto 1978\" alt=\"V. Pashkevich. Fundamental Byelorussian Book 2\" \t\tclass=\"so-widget-image\"\/>\n\t\t\t<\/a><\/div>\n\n<h3 class=\"widget-title\">V. Pashkevich. Fundamental Byelorussian Book 2. Toronto 1978<\/h3><\/div><\/div><\/div><div id=\"pgc-77586-2-3\"  class=\"panel-grid-cell\" ><div id=\"panel-77586-2-3-0\" class=\"so-panel widget widget_sow-image panel-first-child panel-last-child\" data-index=\"7\" ><div\n\t\t\t\n\t\t\tclass=\"so-widget-sow-image so-widget-sow-image-default-8b5b6f678277-77586\"\n\t\t\t\n\t\t>\n<div class=\"sow-image-container\">\n\t\t\t<a href=\"https:\/\/binim.org\/index.php\/sdm_downloads\/v-pashkevich-dictionary\/\"\n\t\t\ttarget=\"_blank\" rel=\"noopener noreferrer\" \t\t>\n\t\t\t<img \n\tsrc=\"https:\/\/binim.org\/wp-content\/uploads\/2025\/03\/V.Pashkevich.dictionary-768x952.jpg\" width=\"768\" height=\"952\" srcset=\"https:\/\/binim.org\/wp-content\/uploads\/2025\/03\/V.Pashkevich.dictionary-768x952.jpg 768w, https:\/\/binim.org\/wp-content\/uploads\/2025\/03\/V.Pashkevich.dictionary-242x300.jpg 242w, https:\/\/binim.org\/wp-content\/uploads\/2025\/03\/V.Pashkevich.dictionary-1240x1536.jpg 1240w, https:\/\/binim.org\/wp-content\/uploads\/2025\/03\/V.Pashkevich.dictionary.jpg 1540w\" sizes=\"(max-width: 768px) 100vw, 768px\" title=\"\u0412\u0430\u043b\u044f\u043d\u0442\u044b\u043d\u0430 \u041f\u0430\u0448\u043a\u0435\u0432\u0456\u0447. \u0410\u043d\u0433\u0435\u043b\u044c\u0441\u043a\u0430-\u0431\u0435\u043b\u0430\u0440\u0443\u0441\u043a\u0456 \u0441\u043b\u043e\u045e\u043d\u0456\u043a. 2006\" alt=\"\u0412\u0430\u043b\u044f\u043d\u0442\u044b\u043d\u0430 \u041f\u0430\u0448\u043a\u0435\u0432\u0456\u0447. \u0410\u043d\u0433\u0435\u043b\u044c\u0441\u043a\u0430-\u0431\u0435\u043b\u0430\u0440\u0443\u0441\u043a\u0456 \u0441\u043b\u043e\u045e\u043d\u0456\u043a\" \t\tclass=\"so-widget-image\"\/>\n\t\t\t<\/a><\/div>\n\n<h3 class=\"widget-title\">\u0412\u0430\u043b\u044f\u043d\u0442\u044b\u043d\u0430 \u041f\u0430\u0448\u043a\u0435\u0432\u0456\u0447. \u0410\u043d\u0433\u0435\u043b\u044c\u0441\u043a\u0430-\u0431\u0435\u043b\u0430\u0440\u0443\u0441\u043a\u0456 \u0441\u043b\u043e\u045e\u043d\u0456\u043a. 2006<\/h3><\/div><\/div><\/div><\/div><div id=\"pg-77586-3\"  class=\"panel-grid panel-no-style\" ><div id=\"pgc-77586-3-0\"  class=\"panel-grid-cell\" ><div id=\"panel-77586-3-0-0\" class=\"widget_text so-panel widget widget_custom_html panel-first-child panel-last-child\" data-index=\"8\" ><div class=\"textwidget custom-html-widget\"><\/div><\/div><\/div><\/div><\/div>","protected":false},"excerpt":{"rendered":"<p>Valiancina Pa\u0161kievi\u010d \u0412\u0430\u043b\u044f\u043d\u0442\u044b\u043d\u0430 \u041f\u0430\u0448\u043a\u0435\u0432\u0456\u0447 Member of the Belarusian Institute of Arts and Sciences, Canada \u0421\u044f\u0431\u0440\u0430 \u0411\u0435\u043b\u0430\u0440\u0443\u0441\u043a\u0430\u0433\u0430 \u0456\u043d\u0441\u0442\u044b\u0442\u0443\u0442\u0430 \u043d\u0430\u0432\u0443\u043a\u0456 \u0439 \u043c\u0430\u0441\u0442\u0430\u0446\u0442\u0432\u0430 \u045e \u041a\u0430\u043d\u0430\u0434\u0437\u0435https:\/\/be.wikipedia.org \u0412\u0430\u043b\u044f\u043d\u0442\u044b\u043d\u0430 \u041f\u0430\u0448\u043a\u0435\u0432\u0456\u0447. \u041f\u0435\u0440\u0448\u0430\u044f \u0447\u044b\u0442\u0430\u043d\u043a\u0430 \u043f\u0430\u0441\u044c\u043b\u044f \u043b\u0435\u043c\u0430\u043d\u0442\u0430\u0440\u0430 \u0434\u043b\u044f \u0411\u0435\u043b\u0430\u0440\u0443\u0441\u043a\u0456\u0445&#8230;<\/p>\n<p class=\"more-link\"><a href=\"https:\/\/binim.org\/index.php\/valiancina-paskievic\/\"><span>Read More<\/span><i>&#43;<\/i><\/a><\/p>\n","protected":false},"author":1,"featured_media":77623,"parent":0,"menu_order":0,"comment_status":"closed","ping_status":"closed","template":"","meta":{"telegram_tosend":false,"telegram_tosend_message":"","telegram_tosend_target":0,"_exactmetrics_skip_tracking":false,"_exactmetrics_sitenote_active":false,"_exactmetrics_sitenote_note":"","_exactmetrics_sitenote_category":0,"_mc_calendar":[],"footnotes":""},"class_list":["post-77586","page","type-page","status-publish","has-post-thumbnail","hentry"],"yoast_head":"<!-- This site is optimized with the Yoast SEO plugin v27.3 - https:\/\/yoast.com\/product\/yoast-seo-wordpress\/ -->\n<title>Valiancina Pa\u0161kievi\u010d - Belarusian Institute of Arts and Sciences, Canada<\/title>\n<meta name=\"robots\" content=\"index, follow, max-snippet:-1, max-image-preview:large, max-video-preview:-1\" \/>\n<link rel=\"canonical\" href=\"https:\/\/binim.org\/index.php\/valiancina-paskievic\/\" \/>\n<meta property=\"og:locale\" content=\"en_US\" \/>\n<meta property=\"og:type\" content=\"article\" \/>\n<meta property=\"og:title\" content=\"Valiancina Pa\u0161kievi\u010d - Belarusian Institute of Arts and Sciences, Canada\" \/>\n<meta property=\"og:description\" content=\"Valiancina Pa\u0161kievi\u010d \u0412\u0430\u043b\u044f\u043d\u0442\u044b\u043d\u0430 \u041f\u0430\u0448\u043a\u0435\u0432\u0456\u0447 Member of the Belarusian Institute of Arts and Sciences, Canada \u0421\u044f\u0431\u0440\u0430 \u0411\u0435\u043b\u0430\u0440\u0443\u0441\u043a\u0430\u0433\u0430 \u0456\u043d\u0441\u0442\u044b\u0442\u0443\u0442\u0430 \u043d\u0430\u0432\u0443\u043a\u0456 \u0439 \u043c\u0430\u0441\u0442\u0430\u0446\u0442\u0432\u0430 \u045e \u041a\u0430\u043d\u0430\u0434\u0437\u0435https:\/\/be.wikipedia.org \u0412\u0430\u043b\u044f\u043d\u0442\u044b\u043d\u0430 \u041f\u0430\u0448\u043a\u0435\u0432\u0456\u0447. \u041f\u0435\u0440\u0448\u0430\u044f \u0447\u044b\u0442\u0430\u043d\u043a\u0430 \u043f\u0430\u0441\u044c\u043b\u044f \u043b\u0435\u043c\u0430\u043d\u0442\u0430\u0440\u0430 \u0434\u043b\u044f \u0411\u0435\u043b\u0430\u0440\u0443\u0441\u043a\u0456\u0445&#8230;Read More&#043;\" \/>\n<meta property=\"og:url\" content=\"https:\/\/binim.org\/index.php\/valiancina-paskievic\/\" \/>\n<meta property=\"og:site_name\" content=\"Belarusian Institute of Arts and Sciences, Canada\" \/>\n<meta property=\"article:publisher\" content=\"https:\/\/www.facebook.com\/Belarusian-Institute-of-Arts-and-Sciences-Canada-157505484997954\" \/>\n<meta property=\"article:modified_time\" content=\"2025-06-08T23:21:49+00:00\" \/>\n<meta property=\"og:image\" content=\"https:\/\/binim.org\/wp-content\/uploads\/2025\/03\/Valiantyna-Pashkevich.jpg\" \/>\n\t<meta property=\"og:image:width\" content=\"1920\" \/>\n\t<meta property=\"og:image:height\" content=\"1080\" \/>\n\t<meta property=\"og:image:type\" content=\"image\/jpeg\" \/>\n<meta name=\"twitter:card\" content=\"summary_large_image\" \/>\n<meta name=\"twitter:label1\" content=\"Est. reading time\" \/>\n\t<meta name=\"twitter:data1\" content=\"2 minutes\" \/>\n<script type=\"application\/ld+json\" class=\"yoast-schema-graph\">{\"@context\":\"https:\\\/\\\/schema.org\",\"@graph\":[{\"@type\":\"WebPage\",\"@id\":\"https:\\\/\\\/binim.org\\\/index.php\\\/valiancina-paskievic\\\/\",\"url\":\"https:\\\/\\\/binim.org\\\/index.php\\\/valiancina-paskievic\\\/\",\"name\":\"Valiancina Pa\u0161kievi\u010d - Belarusian Institute of Arts and Sciences, Canada\",\"isPartOf\":{\"@id\":\"https:\\\/\\\/binim.org\\\/#website\"},\"primaryImageOfPage\":{\"@id\":\"https:\\\/\\\/binim.org\\\/index.php\\\/valiancina-paskievic\\\/#primaryimage\"},\"image\":{\"@id\":\"https:\\\/\\\/binim.org\\\/index.php\\\/valiancina-paskievic\\\/#primaryimage\"},\"thumbnailUrl\":\"https:\\\/\\\/binim.org\\\/wp-content\\\/uploads\\\/2025\\\/03\\\/Valiantyna-Pashkevich.jpg\",\"datePublished\":\"2025-03-19T18:45:04+00:00\",\"dateModified\":\"2025-06-08T23:21:49+00:00\",\"breadcrumb\":{\"@id\":\"https:\\\/\\\/binim.org\\\/index.php\\\/valiancina-paskievic\\\/#breadcrumb\"},\"inLanguage\":\"en-CA\",\"potentialAction\":[{\"@type\":\"ReadAction\",\"target\":[\"https:\\\/\\\/binim.org\\\/index.php\\\/valiancina-paskievic\\\/\"]}]},{\"@type\":\"ImageObject\",\"inLanguage\":\"en-CA\",\"@id\":\"https:\\\/\\\/binim.org\\\/index.php\\\/valiancina-paskievic\\\/#primaryimage\",\"url\":\"https:\\\/\\\/binim.org\\\/wp-content\\\/uploads\\\/2025\\\/03\\\/Valiantyna-Pashkevich.jpg\",\"contentUrl\":\"https:\\\/\\\/binim.org\\\/wp-content\\\/uploads\\\/2025\\\/03\\\/Valiantyna-Pashkevich.jpg\",\"width\":1920,\"height\":1080},{\"@type\":\"BreadcrumbList\",\"@id\":\"https:\\\/\\\/binim.org\\\/index.php\\\/valiancina-paskievic\\\/#breadcrumb\",\"itemListElement\":[{\"@type\":\"ListItem\",\"position\":1,\"name\":\"Home\",\"item\":\"https:\\\/\\\/binim.org\\\/\"},{\"@type\":\"ListItem\",\"position\":2,\"name\":\"Valiancina Pa\u0161kievi\u010d\"}]},{\"@type\":\"WebSite\",\"@id\":\"https:\\\/\\\/binim.org\\\/#website\",\"url\":\"https:\\\/\\\/binim.org\\\/\",\"name\":\"Belarusian Institute of Arts and Sciences, Canada\",\"description\":\"\u0411\u0435\u043b\u0430\u0440\u0443\u0441\u043a\u0456 \u0456\u043d\u0441\u0442\u044b\u0442\u0443\u0442 \u043d\u0430\u0432\u0443\u043a\u0456 \u0439 \u043c\u0430\u0441\u0442\u0430\u0446\u0442\u0432\u0430 \u045e \u041a\u0430\u043d\u0430\u0434\u0437\u0435\",\"publisher\":{\"@id\":\"https:\\\/\\\/binim.org\\\/#organization\"},\"potentialAction\":[{\"@type\":\"SearchAction\",\"target\":{\"@type\":\"EntryPoint\",\"urlTemplate\":\"https:\\\/\\\/binim.org\\\/?s={search_term_string}\"},\"query-input\":{\"@type\":\"PropertyValueSpecification\",\"valueRequired\":true,\"valueName\":\"search_term_string\"}}],\"inLanguage\":\"en-CA\"},{\"@type\":\"Organization\",\"@id\":\"https:\\\/\\\/binim.org\\\/#organization\",\"name\":\"BINiM Canada\",\"url\":\"https:\\\/\\\/binim.org\\\/\",\"logo\":{\"@type\":\"ImageObject\",\"inLanguage\":\"en-CA\",\"@id\":\"https:\\\/\\\/binim.org\\\/#\\\/schema\\\/logo\\\/image\\\/\",\"url\":\"https:\\\/\\\/binim.org\\\/wp-content\\\/uploads\\\/2017\\\/11\\\/BINIM-952.png\",\"contentUrl\":\"https:\\\/\\\/binim.org\\\/wp-content\\\/uploads\\\/2017\\\/11\\\/BINIM-952.png\",\"width\":952,\"height\":952,\"caption\":\"BINiM Canada\"},\"image\":{\"@id\":\"https:\\\/\\\/binim.org\\\/#\\\/schema\\\/logo\\\/image\\\/\"},\"sameAs\":[\"https:\\\/\\\/www.facebook.com\\\/Belarusian-Institute-of-Arts-and-Sciences-Canada-157505484997954\",\"https:\\\/\\\/www.youtube.com\\\/channel\\\/UCNZZleQs0vG7_qux6XdcRBA\\\/videos\"]}]}<\/script>\n<!-- \/ Yoast SEO plugin. -->","yoast_head_json":{"title":"Valiancina Pa\u0161kievi\u010d - Belarusian Institute of Arts and Sciences, Canada","robots":{"index":"index","follow":"follow","max-snippet":"max-snippet:-1","max-image-preview":"max-image-preview:large","max-video-preview":"max-video-preview:-1"},"canonical":"https:\/\/binim.org\/index.php\/valiancina-paskievic\/","og_locale":"en_US","og_type":"article","og_title":"Valiancina Pa\u0161kievi\u010d - Belarusian Institute of Arts and Sciences, Canada","og_description":"Valiancina Pa\u0161kievi\u010d \u0412\u0430\u043b\u044f\u043d\u0442\u044b\u043d\u0430 \u041f\u0430\u0448\u043a\u0435\u0432\u0456\u0447 Member of the Belarusian Institute of Arts and Sciences, Canada \u0421\u044f\u0431\u0440\u0430 \u0411\u0435\u043b\u0430\u0440\u0443\u0441\u043a\u0430\u0433\u0430 \u0456\u043d\u0441\u0442\u044b\u0442\u0443\u0442\u0430 \u043d\u0430\u0432\u0443\u043a\u0456 \u0439 \u043c\u0430\u0441\u0442\u0430\u0446\u0442\u0432\u0430 \u045e \u041a\u0430\u043d\u0430\u0434\u0437\u0435https:\/\/be.wikipedia.org \u0412\u0430\u043b\u044f\u043d\u0442\u044b\u043d\u0430 \u041f\u0430\u0448\u043a\u0435\u0432\u0456\u0447. \u041f\u0435\u0440\u0448\u0430\u044f \u0447\u044b\u0442\u0430\u043d\u043a\u0430 \u043f\u0430\u0441\u044c\u043b\u044f \u043b\u0435\u043c\u0430\u043d\u0442\u0430\u0440\u0430 \u0434\u043b\u044f \u0411\u0435\u043b\u0430\u0440\u0443\u0441\u043a\u0456\u0445&#8230;Read More&#43;","og_url":"https:\/\/binim.org\/index.php\/valiancina-paskievic\/","og_site_name":"Belarusian Institute of Arts and Sciences, Canada","article_publisher":"https:\/\/www.facebook.com\/Belarusian-Institute-of-Arts-and-Sciences-Canada-157505484997954","article_modified_time":"2025-06-08T23:21:49+00:00","og_image":[{"width":1920,"height":1080,"url":"https:\/\/binim.org\/wp-content\/uploads\/2025\/03\/Valiantyna-Pashkevich.jpg","type":"image\/jpeg"}],"twitter_card":"summary_large_image","twitter_misc":{"Est. reading time":"2 minutes"},"schema":{"@context":"https:\/\/schema.org","@graph":[{"@type":"WebPage","@id":"https:\/\/binim.org\/index.php\/valiancina-paskievic\/","url":"https:\/\/binim.org\/index.php\/valiancina-paskievic\/","name":"Valiancina Pa\u0161kievi\u010d - Belarusian Institute of Arts and Sciences, Canada","isPartOf":{"@id":"https:\/\/binim.org\/#website"},"primaryImageOfPage":{"@id":"https:\/\/binim.org\/index.php\/valiancina-paskievic\/#primaryimage"},"image":{"@id":"https:\/\/binim.org\/index.php\/valiancina-paskievic\/#primaryimage"},"thumbnailUrl":"https:\/\/binim.org\/wp-content\/uploads\/2025\/03\/Valiantyna-Pashkevich.jpg","datePublished":"2025-03-19T18:45:04+00:00","dateModified":"2025-06-08T23:21:49+00:00","breadcrumb":{"@id":"https:\/\/binim.org\/index.php\/valiancina-paskievic\/#breadcrumb"},"inLanguage":"en-CA","potentialAction":[{"@type":"ReadAction","target":["https:\/\/binim.org\/index.php\/valiancina-paskievic\/"]}]},{"@type":"ImageObject","inLanguage":"en-CA","@id":"https:\/\/binim.org\/index.php\/valiancina-paskievic\/#primaryimage","url":"https:\/\/binim.org\/wp-content\/uploads\/2025\/03\/Valiantyna-Pashkevich.jpg","contentUrl":"https:\/\/binim.org\/wp-content\/uploads\/2025\/03\/Valiantyna-Pashkevich.jpg","width":1920,"height":1080},{"@type":"BreadcrumbList","@id":"https:\/\/binim.org\/index.php\/valiancina-paskievic\/#breadcrumb","itemListElement":[{"@type":"ListItem","position":1,"name":"Home","item":"https:\/\/binim.org\/"},{"@type":"ListItem","position":2,"name":"Valiancina Pa\u0161kievi\u010d"}]},{"@type":"WebSite","@id":"https:\/\/binim.org\/#website","url":"https:\/\/binim.org\/","name":"Belarusian Institute of Arts and Sciences, Canada","description":"\u0411\u0435\u043b\u0430\u0440\u0443\u0441\u043a\u0456 \u0456\u043d\u0441\u0442\u044b\u0442\u0443\u0442 \u043d\u0430\u0432\u0443\u043a\u0456 \u0439 \u043c\u0430\u0441\u0442\u0430\u0446\u0442\u0432\u0430 \u045e \u041a\u0430\u043d\u0430\u0434\u0437\u0435","publisher":{"@id":"https:\/\/binim.org\/#organization"},"potentialAction":[{"@type":"SearchAction","target":{"@type":"EntryPoint","urlTemplate":"https:\/\/binim.org\/?s={search_term_string}"},"query-input":{"@type":"PropertyValueSpecification","valueRequired":true,"valueName":"search_term_string"}}],"inLanguage":"en-CA"},{"@type":"Organization","@id":"https:\/\/binim.org\/#organization","name":"BINiM Canada","url":"https:\/\/binim.org\/","logo":{"@type":"ImageObject","inLanguage":"en-CA","@id":"https:\/\/binim.org\/#\/schema\/logo\/image\/","url":"https:\/\/binim.org\/wp-content\/uploads\/2017\/11\/BINIM-952.png","contentUrl":"https:\/\/binim.org\/wp-content\/uploads\/2017\/11\/BINIM-952.png","width":952,"height":952,"caption":"BINiM Canada"},"image":{"@id":"https:\/\/binim.org\/#\/schema\/logo\/image\/"},"sameAs":["https:\/\/www.facebook.com\/Belarusian-Institute-of-Arts-and-Sciences-Canada-157505484997954","https:\/\/www.youtube.com\/channel\/UCNZZleQs0vG7_qux6XdcRBA\/videos"]}]}},"publishpress_future_action":{"enabled":false,"date":"2026-04-22 06:49:25","action":"change-status","newStatus":"draft","terms":[],"taxonomy":"","extraData":[]},"publishpress_future_workflow_manual_trigger":{"enabledWorkflows":[]},"rttpg_featured_image_url":{"full":["https:\/\/binim.org\/wp-content\/uploads\/2025\/03\/Valiantyna-Pashkevich.jpg",1920,1080,false],"landscape":["https:\/\/binim.org\/wp-content\/uploads\/2025\/03\/Valiantyna-Pashkevich.jpg",1920,1080,false],"portraits":["https:\/\/binim.org\/wp-content\/uploads\/2025\/03\/Valiantyna-Pashkevich.jpg",1920,1080,false],"thumbnail":["https:\/\/binim.org\/wp-content\/uploads\/2025\/03\/Valiantyna-Pashkevich-150x150.jpg",150,150,true],"medium":["https:\/\/binim.org\/wp-content\/uploads\/2025\/03\/Valiantyna-Pashkevich-300x169.jpg",300,169,true],"large":["https:\/\/binim.org\/wp-content\/uploads\/2025\/03\/Valiantyna-Pashkevich.jpg",1140,641,false],"1536x1536":["https:\/\/binim.org\/wp-content\/uploads\/2025\/03\/Valiantyna-Pashkevich-1536x864.jpg",1536,864,true],"2048x2048":["https:\/\/binim.org\/wp-content\/uploads\/2025\/03\/Valiantyna-Pashkevich.jpg",1920,1080,false],"alante-thinkup-column1-1\/3":["https:\/\/binim.org\/wp-content\/uploads\/2025\/03\/Valiantyna-Pashkevich-1140x380.jpg",1140,380,true],"alante-thinkup-column2-1\/2":["https:\/\/binim.org\/wp-content\/uploads\/2025\/03\/Valiantyna-Pashkevich-570x285.jpg",570,285,true],"alante-thinkup-column3-2\/3":["https:\/\/binim.org\/wp-content\/uploads\/2025\/03\/Valiantyna-Pashkevich-380x254.jpg",380,254,true],"sow-carousel-default":["https:\/\/binim.org\/wp-content\/uploads\/2025\/03\/Valiantyna-Pashkevich-272x182.jpg",272,182,true]},"rttpg_author":{"display_name":"admin","author_link":"https:\/\/binim.org\/index.php\/author\/admin\/"},"rttpg_comment":0,"rttpg_category":null,"rttpg_excerpt":"Valiancina Pa\u0161kievi\u010d \u0412\u0430\u043b\u044f\u043d\u0442\u044b\u043d\u0430 \u041f\u0430\u0448\u043a\u0435\u0432\u0456\u0447 Member of the Belarusian Institute of Arts and Sciences, Canada \u0421\u044f\u0431\u0440\u0430 \u0411\u0435\u043b\u0430\u0440\u0443\u0441\u043a\u0430\u0433\u0430 \u0456\u043d\u0441\u0442\u044b\u0442\u0443\u0442\u0430 \u043d\u0430\u0432\u0443\u043a\u0456 \u0439 \u043c\u0430\u0441\u0442\u0430\u0446\u0442\u0432\u0430 \u045e \u041a\u0430\u043d\u0430\u0434\u0437\u0435https:\/\/be.wikipedia.org \u0412\u0430\u043b\u044f\u043d\u0442\u044b\u043d\u0430 \u041f\u0430\u0448\u043a\u0435\u0432\u0456\u0447. \u041f\u0435\u0440\u0448\u0430\u044f \u0447\u044b\u0442\u0430\u043d\u043a\u0430 \u043f\u0430\u0441\u044c\u043b\u044f \u043b\u0435\u043c\u0430\u043d\u0442\u0430\u0440\u0430 \u0434\u043b\u044f \u0411\u0435\u043b\u0430\u0440\u0443\u0441\u043a\u0456\u0445&#8230;Read More&#43;","post_mailing_queue_ids":[],"_links":{"self":[{"href":"https:\/\/binim.org\/index.php\/wp-json\/wp\/v2\/pages\/77586","targetHints":{"allow":["GET"]}}],"collection":[{"href":"https:\/\/binim.org\/index.php\/wp-json\/wp\/v2\/pages"}],"about":[{"href":"https:\/\/binim.org\/index.php\/wp-json\/wp\/v2\/types\/page"}],"author":[{"embeddable":true,"href":"https:\/\/binim.org\/index.php\/wp-json\/wp\/v2\/users\/1"}],"replies":[{"embeddable":true,"href":"https:\/\/binim.org\/index.php\/wp-json\/wp\/v2\/comments?post=77586"}],"version-history":[{"count":19,"href":"https:\/\/binim.org\/index.php\/wp-json\/wp\/v2\/pages\/77586\/revisions"}],"predecessor-version":[{"id":77842,"href":"https:\/\/binim.org\/index.php\/wp-json\/wp\/v2\/pages\/77586\/revisions\/77842"}],"wp:featuredmedia":[{"embeddable":true,"href":"https:\/\/binim.org\/index.php\/wp-json\/wp\/v2\/media\/77623"}],"wp:attachment":[{"href":"https:\/\/binim.org\/index.php\/wp-json\/wp\/v2\/media?parent=77586"}],"curies":[{"name":"wp","href":"https:\/\/api.w.org\/{rel}","templated":true}]}}