{"id":76,"date":"2017-09-14T01:18:12","date_gmt":"2017-09-14T05:18:12","guid":{"rendered":"http:\/\/binim.org\/?page_id=76"},"modified":"2017-11-22T20:15:01","modified_gmt":"2017-11-23T01:15:01","slug":"other","status":"publish","type":"page","link":"https:\/\/binim.org\/index.php\/other\/","title":{"rendered":"Other"},"content":{"rendered":"<h1>Links<\/h1>\n<p><a href=\"http:\/\/www.radabnr.org\/\">Associations: Bie\u0142arusian Government in Exile (Rada BNR)<\/a><\/p>\n<p>Bie\u0142arusian Community: Belarusian Canadian Alliance (Toronto) \u2013 \u0417\u0433\u0443\u0440\u0442\u0430\u0432\u0430\u043d\u044c\u043d\u0435 \u0431\u0435\u043b\u0430\u0440\u0443\u0441\u0430\u045e \u041a\u0430\u043d\u0430\u0434\u044b. 524 St. Clarens \u0410ve. Toronto, ONT; M6H 3W7; Phone : (416) 530-10\u00a0 Please see:\u00a0<a href=\"https:\/\/belaruscanada.org\/\">\u0411\u0435\u043b\u0430\u0440\u0443\u0441\u043a\u0430\u044f \u043c\u043e\u0432\u0430<\/a><\/p>\n<ul>\n<li><a href=\"https:\/\/sites.ualberta.ca\/~csp\/cas\">Canadian Association of Slavists<\/a><\/li>\n<li><a href=\"http:\/\/www.absociety.org.uk\/\">Anglo-Belarusian society<\/a><\/li>\n<li><a href=\"https:\/\/www.facebook.com\/skaryna\">Skaryna Library in London<\/a><\/li>\n<li><a href=\"https:\/\/www.facebook.com\/belarusiancenter\">Center for Belarusian Studies<\/a><\/li>\n<li><a href=\"http:\/\/www.aseees.org\">Association for Slavic, East European, and Eurasian Studies (ASEEES)<\/a><\/li>\n<li><a href=\"https:\/\/be.wikipedia.org\/wiki\/\">\u041c\u0456\u0436\u043d\u0430\u0440\u043e\u0434\u043d\u0430\u044f \u0430\u0441\u0430\u0446\u044b\u044f\u0446\u044b\u044f \u0431\u0435\u043b\u0430\u0440\u0443\u0441\u0456\u0441\u0442\u0430\u045e (\u041c\u0410\u0411)<\/a><\/li>\n<\/ul>\n<h2>In Bie\u0142arusian<\/h2>\n<ul>\n<li><a href=\"http:\/\/kamunikat.org\/halounaja.html?pubid=11139\">\u0427\u0430\u0441\u043e\u043f\u0456\u0441 (journal) Zapisy (Academic journal of Bie\u0142arusian emigration; published by Bie\u0142arusian Institute of Arts and Sciences, USA)\u00a0<\/a>\u0410\u0434\u0440\u0430\u0441 \u0434\u043b\u044f \u0434\u043e\u043f\u0456\u0441\u0430\u045e: ARCHE, \u0430\/\u0441 3, 220018, \u041c\u0435\u043d\u0441\u043a-18.<\/li>\n<li><a href=\"https:\/\/arche.by\/magazines\/\">\u0427\u0430\u0441\u043e\u043f\u0456\u0441 (Journal) ARCHE Academic and multifaceted cultural journal in Bie\u0142arusian.<\/a><\/li>\n<li><a href=\"https:\/\/sakavik.net\/\">\u0427\u0430\u0441\u043e\u043f\u0456\u0441 (journal) \u0421\u0410\u041a\u0410\u0412\u0406\u041a. \u041a\u0423\u041b\u042c\u0422\u0423\u0420\u0410, \u041d\u0410\u0426\u042b\u042f\u00a0 (CULTURE AND NATION)<\/a>\u00a0This on-line journal ponders socio-historical and cultural Bie\u0142arusian issues. (Canada) +375295507969, +375297245456, +375296245456. (Bie\u0142aru\u015b)<\/li>\n<li><a href=\"https:\/\/www.facebook.com\/Almanach.Belarus\">\u0427\u0430\u0441\u043e\u043f\u0456\u0441 (journal)\u00a0 \u0411\u0415\u041b\u0410\u0420\u0423\u0421 (literary almanac BELARUS)\u00a0 almanach.belarus (USA)<\/a><\/li>\n<\/ul>\n<h2>Some Media in Bie\u0142arusian and Russian (published in Bie\u0142aru\u015b)<\/h2>\n<h2>Belarusian-language newspapers<\/h2>\n<ul>\n<li><a href=\"http:\/\/nn.by\/\">Na\u0161a Niva (\u041d\u0430\u0448\u0430 \u041d\u0456\u0432\u0430)<\/a>\u00a0Bie\u0142arusian-language weekly newspaper. The newspaper was founded in 1906.<\/li>\n<li><a href=\"https:\/\/novychas.by\/\">Novy Chas (\u041d\u043e\u0432\u044b \u0427\u0430\u0441)\u00a0<\/a><\/li>\n<li><a href=\"https:\/\/www.sb.by\/\">\u0411\u0435\u043b\u0430\u0440\u0443\u0441\u044c \u0421\u0435\u0433\u043e\u0434\u043d\u044f<\/a><\/li>\n<li><a href=\"http:\/\/news.vitebsk.cc\/\">Narodnya Naviny Vitsebska (\u041d\u0430\u0440\u043e\u0434\u043d\u044b\u044f \u043d\u0430\u0432\u0456\u043d\u044b \u0412\u0456\u0446\u0435\u0431\u0441\u043a\u0430)<\/a><\/li>\n<li><a href=\"http:\/\/zviazda.by\/be\">Zvyazda (\u0417\u0432\u044f\u0437\u0434\u0430)<\/a>\u00a0Leading Belarusian-language daily newspaper based in Minsk.<\/li>\n<\/ul>\n<h2>Russian-language newspapers<\/h2>\n<ul>\n<li><a href=\"https:\/\/www.sb.by\/\">Sovetskaya Belorussia (\u0421\u043e\u0432\u0435\u0442\u0441\u043a\u0430\u044f \u0411\u0435\u043b\u043e\u0440\u0443\u0441\u0441\u0438\u044f)<\/a>\u00a0. One of the largest Russian-language newspapers published in Belarus.<\/li>\n<li><a href=\"http:\/\/vsr.mil.by\/\">Vo Slavu Rodiny (\u0412\u043e \u0441\u043b\u0430\u0432\u0443 \u0420\u043e\u0434\u0438\u043d\u044b)<\/a><\/li>\n<li>Narodnaya Gazeta (\u041d\u0430\u0440\u043e\u0434\u043d\u0430\u044f \u0413\u0430\u0437\u0435\u0442\u0430)<\/li>\n<li><a href=\"http:\/\/www.belgazeta.by\/\">BelGazeta (\u0411\u0435\u043b\u0413\u0430\u0437\u0435\u0442\u0430)<\/a><\/li>\n<li><a href=\"http:\/\/www.belmarket.by\/\">Belorusy i rynok (\u0411\u0435\u043b\u043e\u0440\u0443\u0441\u044b \u0438 \u0420\u044b\u043d\u043e\u043a)<\/a><\/li>\n<li><a href=\"http:\/\/7days.ru\">7 Dney (7 \u0434\u043d\u0435\u0439)<\/a><\/li>\n<li><a href=\"http:\/\/bdg.by\/\">Belorusskaya Delovaya Gazeta<\/a>\u00a0(BDG). Covering politics, economy, sports (football, tennis, volleyball etc.), culture, history, and much more.<\/li>\n<li><a href=\"http:\/\/gp.by\/\">Gomelskaya Pravda (\u0413\u043e\u043c\u0435\u043b\u044c\u0441\u043a\u0430\u044f \u043f\u0440\u0430\u0432\u0434\u0430)<\/a><\/li>\n<li><a href=\"http:\/\/babruysk.by\/\">Bobruyskiy Kurier (\u0411\u043e\u0431\u0440\u0443\u0439\u0441\u043a\u0438\u0439 \u043a\u0443\u0440\u044c\u0435\u0440)<\/a>\u00a0. The newspaper based in Bobruysk.<\/li>\n<li><a href=\"http:\/\/www.bk-brest.by\/\">Brestskiy Kurier (\u0411\u0440\u0435\u0441\u0442\u0441\u043a\u0438\u0439 \u043a\u0443\u0440\u044c\u0435\u0440)<\/a>\u00a0. Brest based bilingual newspaper (Russian and Belarusian).<\/li>\n<li><a href=\"http:\/\/www.nedvigimost.by\">Nedvizhimost Belorussy<\/a>\u00a0((\u041d\u0435\u0434\u0432\u0438\u0436\u0438\u043c\u043e\u0441\u0442\u044c \u0411\u0435\u043b\u043e\u0440\u0443\u0441\u0441\u0438\u0438)<\/li>\n<li><a href=\"http:\/\/www.vminsk.by\/\">Vecherny Minsk<\/a>\u00a0(\u0412\u0435\u0447\u0435\u0440\u043d\u0438\u0439 \u041c\u0438\u043d\u0441\u043a)<\/li>\n<li><a href=\"http:\/\/dneprovec.by\/\">Dnyaprovets<\/a>\u00a0(\u0414\u043d\u044f\u043f\u0440\u043e\u0432\u0435\u0446) (Rechitsa)<\/li>\n<li><a href=\"http:\/\/mk.by\/\">Minskiy Kurier<\/a>\u00a0(\u041c\u0438\u043d\u0441\u043a\u0438\u0439 \u041a\u0443\u0440\u044c\u0435\u0440)<\/li>\n<li><a href=\"http:\/\/www.belgazeta.by\/\">Belorusskaya Gazeta<\/a><\/li>\n<li><a href=\"http:\/\/www.nv-online.info\/\">Narodnaya Volya<\/a><\/li>\n<li><a href=\"http:\/\/www.vb.by\/\">Vecherny Brest<\/a>\u00a0(\u0412\u0435\u0447\u0435\u0440\u043d\u0438\u0439 \u0411\u0440\u0435\u0441\u0442)<\/li>\n<li><a href=\"http:\/\/vgr.by\/\">Vecherny Grodno<\/a>\u00a0(\u0412\u0435\u0447\u0435\u0440\u043d\u0438\u0439 \u0413\u0440\u043e\u0434\u043d\u043e). Regional information-analytical weekly published in Grodno.<\/li>\n<li><a href=\"http:\/\/www.gs.by\/\">Gazeta Slonimskaya<\/a><\/li>\n<\/ul>\n","protected":false},"excerpt":{"rendered":"<p>Links Associations: Bie\u0142arusian Government in Exile (Rada BNR) Bie\u0142arusian Community: Belarusian Canadian Alliance (Toronto) \u2013 \u0417\u0433\u0443\u0440\u0442\u0430\u0432\u0430\u043d\u044c\u043d\u0435 \u0431\u0435\u043b\u0430\u0440\u0443\u0441\u0430\u045e \u041a\u0430\u043d\u0430\u0434\u044b. 524 St. Clarens \u0410ve. Toronto, ONT; M6H 3W7; Phone : (416) 530-10\u00a0&#8230;<\/p>\n<p class=\"more-link\"><a href=\"https:\/\/binim.org\/index.php\/other\/\"><span>Read More<\/span><i>&#43;<\/i><\/a><\/p>\n","protected":false},"author":1,"featured_media":0,"parent":0,"menu_order":0,"comment_status":"closed","ping_status":"closed","template":"","meta":{"telegram_tosend":false,"telegram_tosend_message":"","telegram_tosend_target":0,"_exactmetrics_skip_tracking":false,"_exactmetrics_sitenote_active":false,"_exactmetrics_sitenote_note":"","_exactmetrics_sitenote_category":0,"_mc_calendar":[],"footnotes":""},"class_list":["post-76","page","type-page","status-publish","hentry"],"yoast_head":"<!-- This site is optimized with the Yoast SEO plugin v27.3 - https:\/\/yoast.com\/product\/yoast-seo-wordpress\/ -->\n<title>Other - Belarusian Institute of Arts and Sciences, Canada<\/title>\n<meta name=\"robots\" content=\"index, follow, max-snippet:-1, max-image-preview:large, max-video-preview:-1\" \/>\n<link rel=\"canonical\" href=\"https:\/\/binim.org\/index.php\/other\/\" \/>\n<meta property=\"og:locale\" content=\"en_US\" \/>\n<meta property=\"og:type\" content=\"article\" \/>\n<meta property=\"og:title\" content=\"Other - Belarusian Institute of Arts and Sciences, Canada\" \/>\n<meta property=\"og:description\" content=\"Links Associations: Bie\u0142arusian Government in Exile (Rada BNR) Bie\u0142arusian Community: Belarusian Canadian Alliance (Toronto) \u2013 \u0417\u0433\u0443\u0440\u0442\u0430\u0432\u0430\u043d\u044c\u043d\u0435 \u0431\u0435\u043b\u0430\u0440\u0443\u0441\u0430\u045e \u041a\u0430\u043d\u0430\u0434\u044b. 524 St. Clarens \u0410ve. Toronto, ONT; M6H 3W7; Phone : (416) 530-10\u00a0&#8230;Read More&#043;\" \/>\n<meta property=\"og:url\" content=\"https:\/\/binim.org\/index.php\/other\/\" \/>\n<meta property=\"og:site_name\" content=\"Belarusian Institute of Arts and Sciences, Canada\" \/>\n<meta property=\"article:publisher\" content=\"https:\/\/www.facebook.com\/Belarusian-Institute-of-Arts-and-Sciences-Canada-157505484997954\" \/>\n<meta property=\"article:modified_time\" content=\"2017-11-23T01:15:01+00:00\" \/>\n<meta name=\"twitter:card\" content=\"summary_large_image\" \/>\n<meta name=\"twitter:label1\" content=\"Est. reading time\" \/>\n\t<meta name=\"twitter:data1\" content=\"1 minute\" \/>\n<script type=\"application\/ld+json\" class=\"yoast-schema-graph\">{\"@context\":\"https:\\\/\\\/schema.org\",\"@graph\":[{\"@type\":\"WebPage\",\"@id\":\"https:\\\/\\\/binim.org\\\/index.php\\\/other\\\/\",\"url\":\"https:\\\/\\\/binim.org\\\/index.php\\\/other\\\/\",\"name\":\"Other - Belarusian Institute of Arts and Sciences, Canada\",\"isPartOf\":{\"@id\":\"https:\\\/\\\/binim.org\\\/#website\"},\"datePublished\":\"2017-09-14T05:18:12+00:00\",\"dateModified\":\"2017-11-23T01:15:01+00:00\",\"breadcrumb\":{\"@id\":\"https:\\\/\\\/binim.org\\\/index.php\\\/other\\\/#breadcrumb\"},\"inLanguage\":\"en-CA\",\"potentialAction\":[{\"@type\":\"ReadAction\",\"target\":[\"https:\\\/\\\/binim.org\\\/index.php\\\/other\\\/\"]}]},{\"@type\":\"BreadcrumbList\",\"@id\":\"https:\\\/\\\/binim.org\\\/index.php\\\/other\\\/#breadcrumb\",\"itemListElement\":[{\"@type\":\"ListItem\",\"position\":1,\"name\":\"Home\",\"item\":\"https:\\\/\\\/binim.org\\\/\"},{\"@type\":\"ListItem\",\"position\":2,\"name\":\"Other\"}]},{\"@type\":\"WebSite\",\"@id\":\"https:\\\/\\\/binim.org\\\/#website\",\"url\":\"https:\\\/\\\/binim.org\\\/\",\"name\":\"Belarusian Institute of Arts and Sciences, Canada\",\"description\":\"\u0411\u0435\u043b\u0430\u0440\u0443\u0441\u043a\u0456 \u0456\u043d\u0441\u0442\u044b\u0442\u0443\u0442 \u043d\u0430\u0432\u0443\u043a\u0456 \u0439 \u043c\u0430\u0441\u0442\u0430\u0446\u0442\u0432\u0430 \u045e \u041a\u0430\u043d\u0430\u0434\u0437\u0435\",\"publisher\":{\"@id\":\"https:\\\/\\\/binim.org\\\/#organization\"},\"potentialAction\":[{\"@type\":\"SearchAction\",\"target\":{\"@type\":\"EntryPoint\",\"urlTemplate\":\"https:\\\/\\\/binim.org\\\/?s={search_term_string}\"},\"query-input\":{\"@type\":\"PropertyValueSpecification\",\"valueRequired\":true,\"valueName\":\"search_term_string\"}}],\"inLanguage\":\"en-CA\"},{\"@type\":\"Organization\",\"@id\":\"https:\\\/\\\/binim.org\\\/#organization\",\"name\":\"BINiM Canada\",\"url\":\"https:\\\/\\\/binim.org\\\/\",\"logo\":{\"@type\":\"ImageObject\",\"inLanguage\":\"en-CA\",\"@id\":\"https:\\\/\\\/binim.org\\\/#\\\/schema\\\/logo\\\/image\\\/\",\"url\":\"https:\\\/\\\/binim.org\\\/wp-content\\\/uploads\\\/2017\\\/11\\\/BINIM-952.png\",\"contentUrl\":\"https:\\\/\\\/binim.org\\\/wp-content\\\/uploads\\\/2017\\\/11\\\/BINIM-952.png\",\"width\":952,\"height\":952,\"caption\":\"BINiM Canada\"},\"image\":{\"@id\":\"https:\\\/\\\/binim.org\\\/#\\\/schema\\\/logo\\\/image\\\/\"},\"sameAs\":[\"https:\\\/\\\/www.facebook.com\\\/Belarusian-Institute-of-Arts-and-Sciences-Canada-157505484997954\",\"https:\\\/\\\/www.youtube.com\\\/channel\\\/UCNZZleQs0vG7_qux6XdcRBA\\\/videos\"]}]}<\/script>\n<!-- \/ Yoast SEO plugin. -->","yoast_head_json":{"title":"Other - Belarusian Institute of Arts and Sciences, Canada","robots":{"index":"index","follow":"follow","max-snippet":"max-snippet:-1","max-image-preview":"max-image-preview:large","max-video-preview":"max-video-preview:-1"},"canonical":"https:\/\/binim.org\/index.php\/other\/","og_locale":"en_US","og_type":"article","og_title":"Other - Belarusian Institute of Arts and Sciences, Canada","og_description":"Links Associations: Bie\u0142arusian Government in Exile (Rada BNR) Bie\u0142arusian Community: Belarusian Canadian Alliance (Toronto) \u2013 \u0417\u0433\u0443\u0440\u0442\u0430\u0432\u0430\u043d\u044c\u043d\u0435 \u0431\u0435\u043b\u0430\u0440\u0443\u0441\u0430\u045e \u041a\u0430\u043d\u0430\u0434\u044b. 524 St. Clarens \u0410ve. Toronto, ONT; M6H 3W7; Phone : (416) 530-10\u00a0&#8230;Read More&#43;","og_url":"https:\/\/binim.org\/index.php\/other\/","og_site_name":"Belarusian Institute of Arts and Sciences, Canada","article_publisher":"https:\/\/www.facebook.com\/Belarusian-Institute-of-Arts-and-Sciences-Canada-157505484997954","article_modified_time":"2017-11-23T01:15:01+00:00","twitter_card":"summary_large_image","twitter_misc":{"Est. reading time":"1 minute"},"schema":{"@context":"https:\/\/schema.org","@graph":[{"@type":"WebPage","@id":"https:\/\/binim.org\/index.php\/other\/","url":"https:\/\/binim.org\/index.php\/other\/","name":"Other - Belarusian Institute of Arts and Sciences, Canada","isPartOf":{"@id":"https:\/\/binim.org\/#website"},"datePublished":"2017-09-14T05:18:12+00:00","dateModified":"2017-11-23T01:15:01+00:00","breadcrumb":{"@id":"https:\/\/binim.org\/index.php\/other\/#breadcrumb"},"inLanguage":"en-CA","potentialAction":[{"@type":"ReadAction","target":["https:\/\/binim.org\/index.php\/other\/"]}]},{"@type":"BreadcrumbList","@id":"https:\/\/binim.org\/index.php\/other\/#breadcrumb","itemListElement":[{"@type":"ListItem","position":1,"name":"Home","item":"https:\/\/binim.org\/"},{"@type":"ListItem","position":2,"name":"Other"}]},{"@type":"WebSite","@id":"https:\/\/binim.org\/#website","url":"https:\/\/binim.org\/","name":"Belarusian Institute of Arts and Sciences, Canada","description":"\u0411\u0435\u043b\u0430\u0440\u0443\u0441\u043a\u0456 \u0456\u043d\u0441\u0442\u044b\u0442\u0443\u0442 \u043d\u0430\u0432\u0443\u043a\u0456 \u0439 \u043c\u0430\u0441\u0442\u0430\u0446\u0442\u0432\u0430 \u045e \u041a\u0430\u043d\u0430\u0434\u0437\u0435","publisher":{"@id":"https:\/\/binim.org\/#organization"},"potentialAction":[{"@type":"SearchAction","target":{"@type":"EntryPoint","urlTemplate":"https:\/\/binim.org\/?s={search_term_string}"},"query-input":{"@type":"PropertyValueSpecification","valueRequired":true,"valueName":"search_term_string"}}],"inLanguage":"en-CA"},{"@type":"Organization","@id":"https:\/\/binim.org\/#organization","name":"BINiM Canada","url":"https:\/\/binim.org\/","logo":{"@type":"ImageObject","inLanguage":"en-CA","@id":"https:\/\/binim.org\/#\/schema\/logo\/image\/","url":"https:\/\/binim.org\/wp-content\/uploads\/2017\/11\/BINIM-952.png","contentUrl":"https:\/\/binim.org\/wp-content\/uploads\/2017\/11\/BINIM-952.png","width":952,"height":952,"caption":"BINiM Canada"},"image":{"@id":"https:\/\/binim.org\/#\/schema\/logo\/image\/"},"sameAs":["https:\/\/www.facebook.com\/Belarusian-Institute-of-Arts-and-Sciences-Canada-157505484997954","https:\/\/www.youtube.com\/channel\/UCNZZleQs0vG7_qux6XdcRBA\/videos"]}]}},"publishpress_future_action":{"enabled":false,"date":"2026-04-22 14:24:40","action":"change-status","newStatus":"draft","terms":[],"taxonomy":"","extraData":[]},"publishpress_future_workflow_manual_trigger":{"enabledWorkflows":[]},"rttpg_featured_image_url":null,"rttpg_author":{"display_name":"admin","author_link":"https:\/\/binim.org\/index.php\/author\/admin\/"},"rttpg_comment":0,"rttpg_category":null,"rttpg_excerpt":"Links Associations: Bie\u0142arusian Government in Exile (Rada BNR) Bie\u0142arusian Community: Belarusian Canadian Alliance (Toronto) \u2013 \u0417\u0433\u0443\u0440\u0442\u0430\u0432\u0430\u043d\u044c\u043d\u0435 \u0431\u0435\u043b\u0430\u0440\u0443\u0441\u0430\u045e \u041a\u0430\u043d\u0430\u0434\u044b. 524 St. Clarens \u0410ve. Toronto, ONT; M6H 3W7; Phone : (416) 530-10\u00a0&#8230;Read More&#43;","post_mailing_queue_ids":[],"_links":{"self":[{"href":"https:\/\/binim.org\/index.php\/wp-json\/wp\/v2\/pages\/76","targetHints":{"allow":["GET"]}}],"collection":[{"href":"https:\/\/binim.org\/index.php\/wp-json\/wp\/v2\/pages"}],"about":[{"href":"https:\/\/binim.org\/index.php\/wp-json\/wp\/v2\/types\/page"}],"author":[{"embeddable":true,"href":"https:\/\/binim.org\/index.php\/wp-json\/wp\/v2\/users\/1"}],"replies":[{"embeddable":true,"href":"https:\/\/binim.org\/index.php\/wp-json\/wp\/v2\/comments?post=76"}],"version-history":[{"count":3,"href":"https:\/\/binim.org\/index.php\/wp-json\/wp\/v2\/pages\/76\/revisions"}],"predecessor-version":[{"id":518,"href":"https:\/\/binim.org\/index.php\/wp-json\/wp\/v2\/pages\/76\/revisions\/518"}],"wp:attachment":[{"href":"https:\/\/binim.org\/index.php\/wp-json\/wp\/v2\/media?parent=76"}],"curies":[{"name":"wp","href":"https:\/\/api.w.org\/{rel}","templated":true}]}}