{"id":2,"date":"2017-09-13T22:14:08","date_gmt":"2017-09-14T02:14:08","guid":{"rendered":"http:\/\/192.168.200.2\/?page_id=2"},"modified":"2017-11-22T18:37:36","modified_gmt":"2017-11-22T23:37:36","slug":"about","status":"publish","type":"page","link":"https:\/\/binim.org\/index.php\/about\/","title":{"rendered":"About \/ \u0445\u0442\u043e \u043c\u044b"},"content":{"rendered":"<div id=\"pl-2\"  class=\"panel-layout\" ><div id=\"pg-2-0\"  class=\"panel-grid panel-no-style\" ><div id=\"pgc-2-0-0\"  class=\"panel-grid-cell\" ><div id=\"panel-2-0-0-0\" class=\"widget_text so-panel widget widget_custom_html panel-first-child panel-last-child\" data-index=\"0\" ><h3 class=\"widget-title\">Canadian BINiM\u2019s Mission and Activities<\/h3><div class=\"textwidget custom-html-widget\"><blockquote>BINiM\u2019s mission is to increase, enhance and disseminate scholarly and artistic knowledge about Bie\u0142aru\u015b in Canada and abroad, with particular stress on the US and Europe. Its members shall be well represented at conferences, symposiums, congresses, and take part in other scholarly events, as well as various arts programs, related to Bie\u0142aru\u015b and Bie\u0142arusian-Canadian studies and occasions. The membership shall be published predominantly in peer-reviewed press (scholars) and take part in cultural activities of the country and abroad (writers, artists, musicians, singers, and folk groups).\n\nThe Institute provides consultants, advisors and speakers to Bie\u0142arusian and\/or Canadian groups that sponsor conferences and other scholarly and or civic events as well as arts related interests and programs.\n\nBINiM (Canada) shall actively cooperate with Canadian, USA and European universities and professional world organizations. (In these terms, BINiM Canada collaborates with The Centre for Bie\u0142arusian Studies (CBS, US), Association for Slavic, East European and Eurasian Studies (ASEEES, US-GB), Anglo-Bie\u0142arusian Society (GB), Canadian Association of Slavists (CAS), British Association for Slavonic and East European Studies (BASEES), European Humanities University (Vilnia), and more.\n\nBINiM (Canada) shall supply resources on Bie\u0142aru\u015b and Bie\u0142arusian topics for Canadian media, government, and general public. The Institute serves as a liaison between Canadian and Bie\u0142arusian academic circles and communities.<\/blockquote><\/div><\/div><\/div><div id=\"pgc-2-0-1\"  class=\"panel-grid-cell\" ><div id=\"panel-2-0-1-0\" class=\"widget_text so-panel widget widget_custom_html panel-first-child panel-last-child\" data-index=\"1\" ><h3 class=\"widget-title\">\u041c\u0456\u0441\u0456\u044f \u0411\u0406\u041d\u0456\u041c(\u0430) \u041a\u0430\u043d\u0430\u0434\u044b<\/h3><div class=\"textwidget custom-html-widget\"><blockquote>\u0420\u043e\u043b\u044f \u0411\u0406\u041d\u0456\u041c(\u0443) \u0432\u044b\u043a\u043b\u0430\u0434\u0437\u0435\u043d\u0430 \u045e \u043d\u0430\u0448\u044b\u043c \u0441\u0442\u0430\u0442\u0443\u0446\u0435 \u0456 \u0433\u0430\u043b\u043e\u045e\u043d\u0430\u0439 \u043c\u0456\u0441\u0456\u0456, \u044f\u043a\u0430\u044f \u0441\u043f\u0430\u0447\u0430\u0442\u043a\u0443 \u0431\u044b\u043b\u0430 \u0441\u0444\u0430\u0440\u043c\u0443\u043b\u044f\u0432\u0430\u043d\u0430\u044f \u0442\u0430\u043a: \u0411\u0435\u043b\u0430\u0440\u0443\u0441\u043a\u0456 \u0456\u043d\u0441\u0442\u044b\u0442\u0443\u0442 \u043d\u0430\u0432\u0443\u043a\u0456 \u0439 \u043c\u0430\u0441\u0442\u0430\u0446\u0442\u0432\u0430 \u045e \u041a\u0430\u043d\u0430\u0434\u0437\u0435 (\u0411\u0406\u041d\u0456\u041c) \u0451\u0441\u044c\u0446\u044c \u0430\u0440\u0433\u0430\u043d\u0456\u0437\u0430\u0446\u044b\u044f\u0439 \u043d\u0430\u0432\u0443\u043a\u0456 \u0439 \u043a\u0443\u043b\u044c\u0442\u0443\u0440\u044b, \u044f\u043a\u0430\u044f \u043d\u0430\u043c\u0430\u0433\u0430\u0435\u0446\u0446\u0430 \u0437\u0433\u0443\u0440\u0442\u0430\u0432\u0430\u0446\u044c \u0443\u0441\u0435 \u043d\u0430\u0432\u0443\u043a\u043e\u0432\u044b\u044f \u0439 \u043a\u0443\u043b\u044c\u0442\u0443\u0440\u043d\u044b\u044f \u0442\u0432\u043e\u0440\u0447\u044b\u044f \u0441\u0456\u043b\u044b, \u0448\u0442\u043e \u0441\u0442\u0430\u0432\u044f\u0446\u044c \u0441\u0430\u0431\u0435 \u0437\u0430 \u043c\u044d\u0442\u0443 \u043d\u0430\u0432\u0443\u043a\u043e\u0432\u0430\u0435 \u043f\u0430\u0437\u043d\u0430\u043d\u044c\u043d\u0435 \u0439 \u0432\u044b\u0432\u0443\u0447\u044d\u043d\u044c\u043d\u0435 \u0411\u0435\u043b\u0430\u0440\u0443\u0441\u0456, \u0431\u0435\u043b\u0430\u0440\u0443\u0441\u043a\u0430\u0433\u0430 \u043d\u0430\u0440\u043e\u0434\u0443 \u0434\u044b \u044f\u0433\u043e\u043d\u0430\u0439 \u043a\u0443\u043b\u044c\u0442\u0443\u0440\u044b \u045e \u043c\u0456\u043d\u0443\u043b\u044b\u043c \u0456 \u0441\u0443\u0447\u0430\u0441\u043d\u044b\u043c, \u043f\u0430\u0434\u0442\u0440\u044b\u043c\u043b\u0456\u0432\u0430\u043d\u044c\u043d\u0435 \u043d\u0430\u0432\u0443\u043a\u043e\u0432\u0430\u0439 \u043f\u0440\u0430\u0446\u044b \u045e \u0433\u0430\u043b\u0456\u043d\u0435 \u0431\u0435\u043b\u0430\u0440\u0443\u0441\u0430\u0432\u0435\u0434\u044b, \u0430 \u0442\u0430\u043a\u0441\u0430\u043c\u0430 \u0439 \u0442\u0432\u043e\u0440\u0447\u0430\u0439 \u043f\u0440\u0430\u0446\u044b \u045e \u0433\u0430\u043b\u0456\u043d\u0435 \u0431\u0435\u043b\u0430\u0440\u0443\u0441\u043a\u0430\u0439 \u043a\u0443\u043b\u044c\u0442\u0443\u0440\u044b.\n\n\u041c\u0456\u0441\u0456\u0456 \u0411\u0406\u041d\u0456\u041c(\u0430\u045e) \u0417\u0428\u0410 \u0456 \u041a\u0430\u043d\u0430\u0434\u044b \u043f\u0430\u0434\u043e\u0431\u043d\u044b\u044f \u0441\u0432\u0430\u0456\u043c\u0456 \u0433\u0430\u043b\u043e\u045e\u043d\u044b\u043c\u0456 \u043c\u044d\u0442\u0430\u043c\u0456, \u0430\u043b\u0435 \u043f\u0440\u0430\u043a\u0442\u044b\u0447\u043d\u044b \u043f\u0430\u0434\u044b\u0445\u043e\u0434 \u0434\u0430 \u0456\u0445 \u0432\u044b\u043a\u0430\u043d\u0430\u043d\u044c\u043d\u044f \u0430\u0434\u0440\u043e\u0437\u044c\u043d\u0456\u0432\u0430\u0435\u0446\u0446\u0430. \u0414\u0437\u044f\u043a\u0443\u044e\u0447\u044b \u0442\u0430\u043c\u0443 \u0448\u0442\u043e \u0430\u043c\u044d\u0440\u044b\u043a\u0430\u043d\u0441\u043a\u0456 \u0411\u0406\u041d\u0456\u041c \u043c\u0430\u0435 \u0431\u043e\u043b\u044c\u0448 \u0441\u044f\u0431\u0440\u043e\u045e, \u043e\u0440\u0433\u0430\u043d\u044b \u0434\u0440\u0443\u043a\u0443 \u0456 \u043d\u0435\u043a\u0430\u043b\u044c\u043a\u0456 \u0434\u043e\u0431\u0440\u044b\u0445 \u0444\u0443\u043d\u0434\u0430\u0446\u044b\u044f\u045e, \u044f\u0433\u043e \u0441\u044f\u0431\u0440\u044b \u045e \u0441\u0432\u0430\u0456\u0445 \u043f\u0443\u0431\u043b\u0456\u043a\u0430\u0446\u044b\u044f\u0445 \u0432\u044f\u0440\u0442\u0430\u044e\u0446\u044c \u0431\u0430\u0433\u0430\u0442\u0430\u0435 \u0436\u044b\u0446\u044c\u0446\u0451 \u0431\u0435\u043b\u0430\u0440\u0443\u0441\u043a\u0430\u0439 \u044d\u043c\u0456\u0433\u0440\u0430\u0446\u044b\u0456 \u043d\u0430 \u0440\u0430\u0434\u0437\u0456\u043c\u0443. \u0410 \u0433\u0430\u043b\u043e\u045e\u043d\u0430\u0435, \u044f\u043d\u044b \u043c\u043e\u0433\u0443\u0446\u044c (\u0431\u043e\u043b\u044c\u0448\u0430\u0439 \u0447\u0430\u0441\u0442\u043a\u0430\u0439) \u043a\u0430\u0440\u044b\u0441\u0442\u0430\u0446\u0446\u0430 \u0440\u043e\u0434\u043d\u0430\u0439 \u043c\u043e\u0432\u0430\u0439 \u0443 \u0441\u0432\u0430\u0456\u0445 \u043d\u0430\u0432\u0443\u043a\u043e\u0432\u044b\u0445 \u043f\u0440\u0430\u0446\u0430\u0445. \u0411\u0435\u0437\u0443\u043c\u043e\u045e\u043d\u0430, \u0441\u044f\u0431\u0440\u044b \u0430\u043c\u044d\u0440\u044b\u043a\u0430\u043d\u0441\u043a\u0430\u0433\u0430 \u0411\u0406\u041d\u0456\u041c(\u0443) \u0448\u043c\u0430\u0442 \u0440\u043e\u0431\u044f\u0446\u044c \u0442\u0430\u043a\u0441\u0430\u043c\u0430 \u043d\u0430 \u043d\u0456\u0432\u0435 \u0437\u0430\u043c\u0435\u0436\u043d\u0430\u0439 \u0430\u0441\u044c\u0432\u0435\u0442\u044b \u043f\u0440\u0430 \u0411\u0435\u043b\u0430\u0440\u0443\u0441\u044c, \u0430\u043b\u0435 \u0442\u043e\u043b\u044c\u043a\u0456 \u0442\u044b\u044f, \u0443 \u043a\u0430\u0433\u043e \u0430\u043d\u0433\u0435\u043b\u044c\u0441\u043a\u0430\u044f \u043c\u043e\u0432\u0430 \u0440\u043e\u0434\u043d\u0430\u044f \u0446\u0456 \u0431\u043b\u0456\u0437\u043a\u0430\u044f \u0434\u0430 \u0440\u043e\u0434\u043d\u0430\u0439, \u0440\u043e\u0431\u044f\u0446\u044c \u0437\u043d\u0430\u0447\u043d\u044b \u045e\u043f\u043b\u044b\u045e \u0443 \u0437\u0430\u043c\u0435\u0436\u043d\u0443\u044e \u043d\u0430\u0432\u0443\u043a\u0443.\n\n\u041c\u0456\u0441\u0456\u044f \u0456 \u043d\u0430\u0432\u0443\u043a\u043e\u0432\u0430\u044f \u043f\u0440\u0430\u0446\u0430 \u0411\u0406\u041d\u0456\u041c(\u0443) \u0443 \u041a\u0430\u043d\u0430\u0434\u0437\u0435 \u0430\u0434\u0440\u043e\u0437\u044c\u043d\u0456\u0432\u0430\u0435\u0446\u0446\u0430 \u0430\u0434 \u0430\u043c\u044d\u0440\u044b\u043a\u0430\u043d\u0441\u043a\u0430\u0433\u0430 \u0411\u0406\u041d\u0456\u041c(\u0443) \u0442\u044b\u043c, \u0448\u0442\u043e \u043d\u0430\u0448\u0430 \u0433\u0430\u043b\u043e\u045e\u043d\u0430\u044f \u0437\u0430\u0434\u0430\u0447\u0430 \u2013 \u043f\u0430\u0437\u043d\u0430\u0451\u043c\u0456\u0446\u044c \u0456 \u0437\u0430\u0446\u0456\u043a\u0430\u0432\u0456\u0446\u044c \u043a\u0430\u043d\u0430\u0434\u044b\u0439\u0446\u0430\u045e, \u0430\u043c\u044d\u0440\u044b\u043a\u0430\u043d\u0446\u0430\u045e \u0456 \u044d\u045e\u0440\u0430\u043f\u0435\u0439\u0446\u0430\u045e \u043d\u0430\u0432\u0443\u043a\u043e\u0432\u044b\u043c \u0456 \u043a\u0443\u043b\u044c\u0442\u0443\u0440\u043d\u044b\u043c \u0431\u0430\u0433\u0430\u0446\u044c\u0446\u0435\u043c \u043d\u0430\u0448\u0430\u0439 \u0440\u0430\u0434\u0437\u0456\u043c\u044b \u043d\u0430 \u0437\u043d\u0430\u0451\u043c\u0430\u0439 \u0456\u043c \u043c\u043e\u0432\u0435 (\u0432\u044f\u0434\u043e\u043c\u0430, \u0448\u0442\u043e \u0433\u044d\u0442\u0430\u044f \u043c\u043e\u0432\u0430 \u0431\u043e\u043b\u044c\u0448\u0430\u0439 \u0447\u0430\u0441\u0442\u043a\u0430\u0439 \u0430\u043d\u0433\u0435\u043b\u044c\u0441\u043a\u0430\u044f); \u0442\u0430\u043c\u0443 \u043c\u0430\u0442\u044d\u0440\u044b\u044f\u043b\u044b \u043f\u0440\u0430 \u0406\u043d\u0441\u0442\u044b\u0442\u0443\u0442, \u0443\u043a\u043b\u044e\u0447\u0430\u044e\u0447\u044b \u0434\u0440\u0443\u0433\u0443\u044e \u0440\u044d\u0434\u0430\u043a\u0446\u044b\u044e \u041c\u0456\u0441\u0456\u0456 \u0411\u0406\u041d\u0456\u041c(\u0443) \u0443 \u041a\u0430\u043d\u0430\u0434\u0437\u0435, \u043d\u0430 \u045e\u044d\u0431-\u0431\u0430\u0447\u044b\u043d\u0446\u044b \u0451\u0441\u044c\u0446\u044c \u043f\u0430-\u0430\u043d\u0433\u0435\u043b\u044c\u0441\u043a\u0443.<\/blockquote><\/div><\/div><\/div><\/div><div id=\"pg-2-1\"  class=\"panel-grid panel-no-style\" ><div id=\"pgc-2-1-0\"  class=\"panel-grid-cell panel-grid-cell-empty\" ><\/div><div id=\"pgc-2-1-1\"  class=\"panel-grid-cell panel-grid-cell-mobile-last\" ><div id=\"panel-2-1-1-0\" class=\"so-panel widget widget_media_image panel-first-child panel-last-child\" data-index=\"2\" ><img loading=\"lazy\" decoding=\"async\" width=\"300\" height=\"300\" src=\"https:\/\/binim.org\/wp-content\/uploads\/2017\/11\/BINIM-540-300x300.png\" class=\"image wp-image-408  attachment-medium size-medium\" alt=\"\" style=\"max-width: 100%; height: auto;\" srcset=\"https:\/\/binim.org\/wp-content\/uploads\/2017\/11\/BINIM-540-300x300.png 300w, https:\/\/binim.org\/wp-content\/uploads\/2017\/11\/BINIM-540-150x150.png 150w, https:\/\/binim.org\/wp-content\/uploads\/2017\/11\/BINIM-540.png 540w\" sizes=\"auto, (max-width: 300px) 100vw, 300px\" \/><\/div><\/div><div id=\"pgc-2-1-2\"  class=\"panel-grid-cell panel-grid-cell-empty\" ><\/div><\/div><\/div>","protected":false},"excerpt":{"rendered":"<p>Canadian BINiM\u2019s Mission and ActivitiesBINiM\u2019s mission is to increase, enhance and disseminate scholarly and artistic knowledge about Bie\u0142aru\u015b in Canada and abroad, with particular stress on the US and Europe.&#8230;<\/p>\n<p class=\"more-link\"><a href=\"https:\/\/binim.org\/index.php\/about\/\"><span>Read More<\/span><i>&#43;<\/i><\/a><\/p>\n","protected":false},"author":1,"featured_media":0,"parent":0,"menu_order":0,"comment_status":"closed","ping_status":"open","template":"","meta":{"telegram_tosend":false,"telegram_tosend_message":"","telegram_tosend_target":0,"_exactmetrics_skip_tracking":false,"_exactmetrics_sitenote_active":false,"_exactmetrics_sitenote_note":"","_exactmetrics_sitenote_category":0,"_mc_calendar":[],"footnotes":""},"class_list":["post-2","page","type-page","status-publish","hentry"],"yoast_head":"<!-- This site is optimized with the Yoast SEO plugin v27.3 - https:\/\/yoast.com\/product\/yoast-seo-wordpress\/ -->\n<title>About \/ \u0445\u0442\u043e \u043c\u044b - Belarusian Institute of Arts and Sciences, Canada<\/title>\n<meta name=\"robots\" content=\"index, follow, max-snippet:-1, max-image-preview:large, max-video-preview:-1\" \/>\n<link rel=\"canonical\" href=\"https:\/\/binim.org\/index.php\/about\/\" \/>\n<meta property=\"og:locale\" content=\"en_US\" \/>\n<meta property=\"og:type\" content=\"article\" \/>\n<meta property=\"og:title\" content=\"About \/ \u0445\u0442\u043e \u043c\u044b - Belarusian Institute of Arts and Sciences, Canada\" \/>\n<meta property=\"og:description\" content=\"Canadian BINiM\u2019s Mission and ActivitiesBINiM\u2019s mission is to increase, enhance and disseminate scholarly and artistic knowledge about Bie\u0142aru\u015b in Canada and abroad, with particular stress on the US and Europe.&#8230;Read More&#043;\" \/>\n<meta property=\"og:url\" content=\"https:\/\/binim.org\/index.php\/about\/\" \/>\n<meta property=\"og:site_name\" content=\"Belarusian Institute of Arts and Sciences, Canada\" \/>\n<meta property=\"article:publisher\" content=\"https:\/\/www.facebook.com\/Belarusian-Institute-of-Arts-and-Sciences-Canada-157505484997954\" \/>\n<meta property=\"article:modified_time\" content=\"2017-11-22T23:37:36+00:00\" \/>\n<meta name=\"twitter:card\" content=\"summary_large_image\" \/>\n<script type=\"application\/ld+json\" class=\"yoast-schema-graph\">{\"@context\":\"https:\\\/\\\/schema.org\",\"@graph\":[{\"@type\":\"WebPage\",\"@id\":\"https:\\\/\\\/binim.org\\\/index.php\\\/about\\\/\",\"url\":\"https:\\\/\\\/binim.org\\\/index.php\\\/about\\\/\",\"name\":\"About \\\/ \u0445\u0442\u043e \u043c\u044b - Belarusian Institute of Arts and Sciences, Canada\",\"isPartOf\":{\"@id\":\"https:\\\/\\\/binim.org\\\/#website\"},\"datePublished\":\"2017-09-14T02:14:08+00:00\",\"dateModified\":\"2017-11-22T23:37:36+00:00\",\"breadcrumb\":{\"@id\":\"https:\\\/\\\/binim.org\\\/index.php\\\/about\\\/#breadcrumb\"},\"inLanguage\":\"en-CA\",\"potentialAction\":[{\"@type\":\"ReadAction\",\"target\":[\"https:\\\/\\\/binim.org\\\/index.php\\\/about\\\/\"]}]},{\"@type\":\"BreadcrumbList\",\"@id\":\"https:\\\/\\\/binim.org\\\/index.php\\\/about\\\/#breadcrumb\",\"itemListElement\":[{\"@type\":\"ListItem\",\"position\":1,\"name\":\"Home\",\"item\":\"https:\\\/\\\/binim.org\\\/\"},{\"@type\":\"ListItem\",\"position\":2,\"name\":\"About \\\/ \u0445\u0442\u043e \u043c\u044b\"}]},{\"@type\":\"WebSite\",\"@id\":\"https:\\\/\\\/binim.org\\\/#website\",\"url\":\"https:\\\/\\\/binim.org\\\/\",\"name\":\"Belarusian Institute of Arts and Sciences, Canada\",\"description\":\"\u0411\u0435\u043b\u0430\u0440\u0443\u0441\u043a\u0456 \u0456\u043d\u0441\u0442\u044b\u0442\u0443\u0442 \u043d\u0430\u0432\u0443\u043a\u0456 \u0439 \u043c\u0430\u0441\u0442\u0430\u0446\u0442\u0432\u0430 \u045e \u041a\u0430\u043d\u0430\u0434\u0437\u0435\",\"publisher\":{\"@id\":\"https:\\\/\\\/binim.org\\\/#organization\"},\"potentialAction\":[{\"@type\":\"SearchAction\",\"target\":{\"@type\":\"EntryPoint\",\"urlTemplate\":\"https:\\\/\\\/binim.org\\\/?s={search_term_string}\"},\"query-input\":{\"@type\":\"PropertyValueSpecification\",\"valueRequired\":true,\"valueName\":\"search_term_string\"}}],\"inLanguage\":\"en-CA\"},{\"@type\":\"Organization\",\"@id\":\"https:\\\/\\\/binim.org\\\/#organization\",\"name\":\"BINiM Canada\",\"url\":\"https:\\\/\\\/binim.org\\\/\",\"logo\":{\"@type\":\"ImageObject\",\"inLanguage\":\"en-CA\",\"@id\":\"https:\\\/\\\/binim.org\\\/#\\\/schema\\\/logo\\\/image\\\/\",\"url\":\"https:\\\/\\\/binim.org\\\/wp-content\\\/uploads\\\/2017\\\/11\\\/BINIM-952.png\",\"contentUrl\":\"https:\\\/\\\/binim.org\\\/wp-content\\\/uploads\\\/2017\\\/11\\\/BINIM-952.png\",\"width\":952,\"height\":952,\"caption\":\"BINiM Canada\"},\"image\":{\"@id\":\"https:\\\/\\\/binim.org\\\/#\\\/schema\\\/logo\\\/image\\\/\"},\"sameAs\":[\"https:\\\/\\\/www.facebook.com\\\/Belarusian-Institute-of-Arts-and-Sciences-Canada-157505484997954\",\"https:\\\/\\\/www.youtube.com\\\/channel\\\/UCNZZleQs0vG7_qux6XdcRBA\\\/videos\"]}]}<\/script>\n<!-- \/ Yoast SEO plugin. -->","yoast_head_json":{"title":"About \/ \u0445\u0442\u043e \u043c\u044b - Belarusian Institute of Arts and Sciences, Canada","robots":{"index":"index","follow":"follow","max-snippet":"max-snippet:-1","max-image-preview":"max-image-preview:large","max-video-preview":"max-video-preview:-1"},"canonical":"https:\/\/binim.org\/index.php\/about\/","og_locale":"en_US","og_type":"article","og_title":"About \/ \u0445\u0442\u043e \u043c\u044b - Belarusian Institute of Arts and Sciences, Canada","og_description":"Canadian BINiM\u2019s Mission and ActivitiesBINiM\u2019s mission is to increase, enhance and disseminate scholarly and artistic knowledge about Bie\u0142aru\u015b in Canada and abroad, with particular stress on the US and Europe.&#8230;Read More&#43;","og_url":"https:\/\/binim.org\/index.php\/about\/","og_site_name":"Belarusian Institute of Arts and Sciences, Canada","article_publisher":"https:\/\/www.facebook.com\/Belarusian-Institute-of-Arts-and-Sciences-Canada-157505484997954","article_modified_time":"2017-11-22T23:37:36+00:00","twitter_card":"summary_large_image","schema":{"@context":"https:\/\/schema.org","@graph":[{"@type":"WebPage","@id":"https:\/\/binim.org\/index.php\/about\/","url":"https:\/\/binim.org\/index.php\/about\/","name":"About \/ \u0445\u0442\u043e \u043c\u044b - Belarusian Institute of Arts and Sciences, Canada","isPartOf":{"@id":"https:\/\/binim.org\/#website"},"datePublished":"2017-09-14T02:14:08+00:00","dateModified":"2017-11-22T23:37:36+00:00","breadcrumb":{"@id":"https:\/\/binim.org\/index.php\/about\/#breadcrumb"},"inLanguage":"en-CA","potentialAction":[{"@type":"ReadAction","target":["https:\/\/binim.org\/index.php\/about\/"]}]},{"@type":"BreadcrumbList","@id":"https:\/\/binim.org\/index.php\/about\/#breadcrumb","itemListElement":[{"@type":"ListItem","position":1,"name":"Home","item":"https:\/\/binim.org\/"},{"@type":"ListItem","position":2,"name":"About \/ \u0445\u0442\u043e \u043c\u044b"}]},{"@type":"WebSite","@id":"https:\/\/binim.org\/#website","url":"https:\/\/binim.org\/","name":"Belarusian Institute of Arts and Sciences, Canada","description":"\u0411\u0435\u043b\u0430\u0440\u0443\u0441\u043a\u0456 \u0456\u043d\u0441\u0442\u044b\u0442\u0443\u0442 \u043d\u0430\u0432\u0443\u043a\u0456 \u0439 \u043c\u0430\u0441\u0442\u0430\u0446\u0442\u0432\u0430 \u045e \u041a\u0430\u043d\u0430\u0434\u0437\u0435","publisher":{"@id":"https:\/\/binim.org\/#organization"},"potentialAction":[{"@type":"SearchAction","target":{"@type":"EntryPoint","urlTemplate":"https:\/\/binim.org\/?s={search_term_string}"},"query-input":{"@type":"PropertyValueSpecification","valueRequired":true,"valueName":"search_term_string"}}],"inLanguage":"en-CA"},{"@type":"Organization","@id":"https:\/\/binim.org\/#organization","name":"BINiM Canada","url":"https:\/\/binim.org\/","logo":{"@type":"ImageObject","inLanguage":"en-CA","@id":"https:\/\/binim.org\/#\/schema\/logo\/image\/","url":"https:\/\/binim.org\/wp-content\/uploads\/2017\/11\/BINIM-952.png","contentUrl":"https:\/\/binim.org\/wp-content\/uploads\/2017\/11\/BINIM-952.png","width":952,"height":952,"caption":"BINiM Canada"},"image":{"@id":"https:\/\/binim.org\/#\/schema\/logo\/image\/"},"sameAs":["https:\/\/www.facebook.com\/Belarusian-Institute-of-Arts-and-Sciences-Canada-157505484997954","https:\/\/www.youtube.com\/channel\/UCNZZleQs0vG7_qux6XdcRBA\/videos"]}]}},"publishpress_future_action":{"enabled":false,"date":"2026-04-26 07:52:58","action":"change-status","newStatus":"draft","terms":[],"taxonomy":"","extraData":[]},"publishpress_future_workflow_manual_trigger":{"enabledWorkflows":[]},"rttpg_featured_image_url":null,"rttpg_author":{"display_name":"admin","author_link":"https:\/\/binim.org\/index.php\/author\/admin\/"},"rttpg_comment":0,"rttpg_category":null,"rttpg_excerpt":"Canadian BINiM\u2019s Mission and ActivitiesBINiM\u2019s mission is to increase, enhance and disseminate scholarly and artistic knowledge about Bie\u0142aru\u015b in Canada and abroad, with particular stress on the US and Europe.&#8230;Read More&#43;","post_mailing_queue_ids":[],"_links":{"self":[{"href":"https:\/\/binim.org\/index.php\/wp-json\/wp\/v2\/pages\/2","targetHints":{"allow":["GET"]}}],"collection":[{"href":"https:\/\/binim.org\/index.php\/wp-json\/wp\/v2\/pages"}],"about":[{"href":"https:\/\/binim.org\/index.php\/wp-json\/wp\/v2\/types\/page"}],"author":[{"embeddable":true,"href":"https:\/\/binim.org\/index.php\/wp-json\/wp\/v2\/users\/1"}],"replies":[{"embeddable":true,"href":"https:\/\/binim.org\/index.php\/wp-json\/wp\/v2\/comments?post=2"}],"version-history":[{"count":27,"href":"https:\/\/binim.org\/index.php\/wp-json\/wp\/v2\/pages\/2\/revisions"}],"predecessor-version":[{"id":516,"href":"https:\/\/binim.org\/index.php\/wp-json\/wp\/v2\/pages\/2\/revisions\/516"}],"wp:attachment":[{"href":"https:\/\/binim.org\/index.php\/wp-json\/wp\/v2\/media?parent=2"}],"curies":[{"name":"wp","href":"https:\/\/api.w.org\/{rel}","templated":true}]}}